{"id":691,"date":"2023-09-29T14:34:55","date_gmt":"2023-09-29T17:34:55","guid":{"rendered":"https:\/\/sobeconsultoria.com.br\/?page_id=691"},"modified":"2023-09-29T14:54:45","modified_gmt":"2023-09-29T17:54:45","slug":"consultoria","status":"publish","type":"page","link":"https:\/\/sobeconsultoria.com.br\/index.php\/consultoria\/","title":{"rendered":"consultoria"},"content":{"rendered":"\t\t<div data-elementor-type=\"wp-page\" data-elementor-id=\"691\" class=\"elementor elementor-691\">\n\t\t\t\t\t\t\t\t\t<section class=\"elementor-section elementor-top-section elementor-element elementor-element-y730ur0 elementor-section-content-top elementor-section-boxed elementor-section-height-default elementor-section-height-default\" data-id=\"y730ur0\" data-element_type=\"section\" data-settings=\"{&quot;background_background&quot;:&quot;classic&quot;}\">\n\t\t\t\t\t\t\t<div class=\"elementor-background-overlay\"><\/div>\n\t\t\t\t\t\t\t<div class=\"elementor-container elementor-column-gap-no\">\n\t\t\t\t\t<div class=\"elementor-column elementor-col-100 elementor-top-column elementor-element elementor-element-51e9076\" data-id=\"51e9076\" data-element_type=\"column\">\n\t\t\t<div class=\"elementor-widget-wrap elementor-element-populated\">\n\t\t\t\t\t\t\t\t<div class=\"elementor-element elementor-element-bfa6d99 elementor-widget elementor-widget-heading\" data-id=\"bfa6d99\" data-element_type=\"widget\" data-widget_type=\"heading.default\">\n\t\t\t\t<div class=\"elementor-widget-container\">\n\t\t\t<style>\/*! elementor - v3.16.0 - 20-09-2023 *\/\n.elementor-heading-title{padding:0;margin:0;line-height:1}.elementor-widget-heading .elementor-heading-title[class*=elementor-size-]>a{color:inherit;font-size:inherit;line-height:inherit}.elementor-widget-heading .elementor-heading-title.elementor-size-small{font-size:15px}.elementor-widget-heading .elementor-heading-title.elementor-size-medium{font-size:19px}.elementor-widget-heading .elementor-heading-title.elementor-size-large{font-size:29px}.elementor-widget-heading .elementor-heading-title.elementor-size-xl{font-size:39px}.elementor-widget-heading .elementor-heading-title.elementor-size-xxl{font-size:59px}<\/style><h2 class=\"elementor-heading-title elementor-size-default\">por que contratar uma consultoria?<\/h2>\t\t<\/div>\n\t\t\t\t<\/div>\n\t\t\t\t<section class=\"elementor-section elementor-inner-section elementor-element elementor-element-ee4d600 elementor-section-boxed elementor-section-height-default elementor-section-height-default\" data-id=\"ee4d600\" data-element_type=\"section\">\n\t\t\t\t\t\t<div class=\"elementor-container elementor-column-gap-default\">\n\t\t\t\t\t<div class=\"elementor-column elementor-col-50 elementor-inner-column elementor-element elementor-element-d6daa70\" data-id=\"d6daa70\" data-element_type=\"column\">\n\t\t\t<div class=\"elementor-widget-wrap elementor-element-populated\">\n\t\t\t\t\t\t\t\t<div class=\"elementor-element elementor-element-27912c3 elementor-position-left elementor-vertical-align-top elementor-widget elementor-widget-image-box\" data-id=\"27912c3\" data-element_type=\"widget\" data-widget_type=\"image-box.default\">\n\t\t\t\t<div class=\"elementor-widget-container\">\n\t\t\t<style>\/*! elementor - v3.16.0 - 20-09-2023 *\/\n.elementor-widget-image-box .elementor-image-box-content{width:100%}@media (min-width:768px){.elementor-widget-image-box.elementor-position-left .elementor-image-box-wrapper,.elementor-widget-image-box.elementor-position-right .elementor-image-box-wrapper{display:flex}.elementor-widget-image-box.elementor-position-right .elementor-image-box-wrapper{text-align:right;flex-direction:row-reverse}.elementor-widget-image-box.elementor-position-left .elementor-image-box-wrapper{text-align:left;flex-direction:row}.elementor-widget-image-box.elementor-position-top .elementor-image-box-img{margin:auto}.elementor-widget-image-box.elementor-vertical-align-top .elementor-image-box-wrapper{align-items:flex-start}.elementor-widget-image-box.elementor-vertical-align-middle .elementor-image-box-wrapper{align-items:center}.elementor-widget-image-box.elementor-vertical-align-bottom .elementor-image-box-wrapper{align-items:flex-end}}@media (max-width:767px){.elementor-widget-image-box .elementor-image-box-img{margin-left:auto!important;margin-right:auto!important;margin-bottom:15px}}.elementor-widget-image-box .elementor-image-box-img{display:inline-block}.elementor-widget-image-box .elementor-image-box-title a{color:inherit}.elementor-widget-image-box .elementor-image-box-wrapper{text-align:center}.elementor-widget-image-box .elementor-image-box-description{margin:0}<\/style><div class=\"elementor-image-box-wrapper\"><figure class=\"elementor-image-box-img\"><img decoding=\"async\" loading=\"lazy\" width=\"2560\" height=\"1707\" src=\"https:\/\/sobeconsultoria.com.br\/wp-content\/uploads\/2023\/09\/empresario-sorridente-com-pasta-scaled.jpg\" class=\"attachment-full size-full wp-image-568\" alt=\"\" srcset=\"https:\/\/sobeconsultoria.com.br\/wp-content\/uploads\/2023\/09\/empresario-sorridente-com-pasta-scaled.jpg 2560w, https:\/\/sobeconsultoria.com.br\/wp-content\/uploads\/2023\/09\/empresario-sorridente-com-pasta-300x200.jpg 300w, https:\/\/sobeconsultoria.com.br\/wp-content\/uploads\/2023\/09\/empresario-sorridente-com-pasta-1024x683.jpg 1024w, https:\/\/sobeconsultoria.com.br\/wp-content\/uploads\/2023\/09\/empresario-sorridente-com-pasta-768x512.jpg 768w, https:\/\/sobeconsultoria.com.br\/wp-content\/uploads\/2023\/09\/empresario-sorridente-com-pasta-1536x1024.jpg 1536w, https:\/\/sobeconsultoria.com.br\/wp-content\/uploads\/2023\/09\/empresario-sorridente-com-pasta-2048x1365.jpg 2048w\" sizes=\"(max-width: 2560px) 100vw, 2560px\" \/><\/figure><div class=\"elementor-image-box-content\"><h5 class=\"elementor-image-box-title\">Melhorar a seguran\u00e7a do seu equipamento<\/h5><p class=\"elementor-image-box-description\">Uma consultoria para o elevador pode ajudar a aumentar a seguran\u00e7a dos usu\u00e1rios e dos funcion\u00e1rios, evitando acidentes e problemas t\u00e9cnicos. A consultoria pode fazer uma avalia\u00e7\u00e3o completa do estado do elevador, verificar se ele est\u00e1 de acordo com as normas e recomendar as melhores solu\u00e7\u00f5es para sua manuten\u00e7\u00e3o e moderniza\u00e7\u00e3o.<\/p><\/div><\/div>\t\t<\/div>\n\t\t\t\t<\/div>\n\t\t\t\t<div class=\"elementor-element elementor-element-f9e3301 elementor-position-left elementor-vertical-align-top elementor-widget elementor-widget-image-box\" data-id=\"f9e3301\" data-element_type=\"widget\" data-widget_type=\"image-box.default\">\n\t\t\t\t<div class=\"elementor-widget-container\">\n\t\t\t<div class=\"elementor-image-box-wrapper\"><figure class=\"elementor-image-box-img\"><img decoding=\"async\" loading=\"lazy\" width=\"1280\" height=\"720\" src=\"https:\/\/sobeconsultoria.com.br\/wp-content\/uploads\/2023\/09\/lightbulb-idea-creativity-3104355.jpg\" class=\"attachment-full size-full wp-image-693\" alt=\"lightbulb, idea, creativity-3104355.jpg\" srcset=\"https:\/\/sobeconsultoria.com.br\/wp-content\/uploads\/2023\/09\/lightbulb-idea-creativity-3104355.jpg 1280w, https:\/\/sobeconsultoria.com.br\/wp-content\/uploads\/2023\/09\/lightbulb-idea-creativity-3104355-300x169.jpg 300w, https:\/\/sobeconsultoria.com.br\/wp-content\/uploads\/2023\/09\/lightbulb-idea-creativity-3104355-1024x576.jpg 1024w, https:\/\/sobeconsultoria.com.br\/wp-content\/uploads\/2023\/09\/lightbulb-idea-creativity-3104355-768x432.jpg 768w\" sizes=\"(max-width: 1280px) 100vw, 1280px\" \/><\/figure><div class=\"elementor-image-box-content\"><h5 class=\"elementor-image-box-title\">Redu\u00e7\u00e3o dos custos operacionais e da energia<\/h5><p class=\"elementor-image-box-description\">A consultoria pode analisar o desempenho do elevador, identificar as fontes de desperd\u00edcio e sugerir medidas para otimizar o consumo de energia e os recursos. Al\u00e9m disso, a consultoria pode auxiliar na negocia\u00e7\u00e3o com os fornecedores e prestadores de servi\u00e7o, buscando as melhores condi\u00e7\u00f5es e pre\u00e7os<\/p><\/div><\/div>\t\t<\/div>\n\t\t\t\t<\/div>\n\t\t\t\t<div class=\"elementor-element elementor-element-2946abe elementor-position-left elementor-vertical-align-top elementor-widget elementor-widget-image-box\" data-id=\"2946abe\" data-element_type=\"widget\" data-widget_type=\"image-box.default\">\n\t\t\t\t<div class=\"elementor-widget-container\">\n\t\t\t<div class=\"elementor-image-box-wrapper\"><figure class=\"elementor-image-box-img\"><img decoding=\"async\" loading=\"lazy\" width=\"1280\" height=\"1920\" src=\"https:\/\/sobeconsultoria.com.br\/wp-content\/uploads\/2023\/09\/man-5415566_1920.jpg\" class=\"attachment-full size-full wp-image-694\" alt=\"\" srcset=\"https:\/\/sobeconsultoria.com.br\/wp-content\/uploads\/2023\/09\/man-5415566_1920.jpg 1280w, https:\/\/sobeconsultoria.com.br\/wp-content\/uploads\/2023\/09\/man-5415566_1920-200x300.jpg 200w, https:\/\/sobeconsultoria.com.br\/wp-content\/uploads\/2023\/09\/man-5415566_1920-683x1024.jpg 683w, https:\/\/sobeconsultoria.com.br\/wp-content\/uploads\/2023\/09\/man-5415566_1920-768x1152.jpg 768w, https:\/\/sobeconsultoria.com.br\/wp-content\/uploads\/2023\/09\/man-5415566_1920-1024x1536.jpg 1024w\" sizes=\"(max-width: 1280px) 100vw, 1280px\" \/><\/figure><div class=\"elementor-image-box-content\"><h5 class=\"elementor-image-box-title\">Melhorar a experi\u00eancia <\/h5><p class=\"elementor-image-box-description\">Melhore a experi\u00eancia dos usu\u00e1rios e dos seus clientes. A consultoria pode avaliar o n\u00edvel de satisfa\u00e7\u00e3o dos usu\u00e1rios, detectar as principais reclama\u00e7\u00f5es e necessidades e propor melhorias no design, na funcionalidade e na acessibilidade do elevador. A consultoria tamb\u00e9m pode ajudar a criar uma imagem positiva da empresa ou do condom\u00ednio, mostrando que eles se preocupam com a qualidade e a seguran\u00e7a do servi\u00e7o<\/p><\/div><\/div>\t\t<\/div>\n\t\t\t\t<\/div>\n\t\t\t\t\t<\/div>\n\t\t<\/div>\n\t\t\t\t<div class=\"elementor-column elementor-col-50 elementor-inner-column elementor-element elementor-element-ea29147\" data-id=\"ea29147\" data-element_type=\"column\">\n\t\t\t<div class=\"elementor-widget-wrap elementor-element-populated\">\n\t\t\t\t\t\t\t\t<div class=\"elementor-element elementor-element-c7ec460 elementor-position-left elementor-vertical-align-top elementor-widget elementor-widget-image-box\" data-id=\"c7ec460\" data-element_type=\"widget\" data-widget_type=\"image-box.default\">\n\t\t\t\t<div class=\"elementor-widget-container\">\n\t\t\t<div class=\"elementor-image-box-wrapper\"><figure class=\"elementor-image-box-img\"><img decoding=\"async\" loading=\"lazy\" width=\"2560\" height=\"1707\" src=\"https:\/\/sobeconsultoria.com.br\/wp-content\/uploads\/2023\/09\/pessoa-cega-escolhendo-andar-no-elevador-scaled.jpg\" class=\"attachment-full size-full wp-image-569\" alt=\"\" srcset=\"https:\/\/sobeconsultoria.com.br\/wp-content\/uploads\/2023\/09\/pessoa-cega-escolhendo-andar-no-elevador-scaled.jpg 2560w, https:\/\/sobeconsultoria.com.br\/wp-content\/uploads\/2023\/09\/pessoa-cega-escolhendo-andar-no-elevador-300x200.jpg 300w, https:\/\/sobeconsultoria.com.br\/wp-content\/uploads\/2023\/09\/pessoa-cega-escolhendo-andar-no-elevador-1024x683.jpg 1024w, https:\/\/sobeconsultoria.com.br\/wp-content\/uploads\/2023\/09\/pessoa-cega-escolhendo-andar-no-elevador-768x512.jpg 768w, https:\/\/sobeconsultoria.com.br\/wp-content\/uploads\/2023\/09\/pessoa-cega-escolhendo-andar-no-elevador-1536x1024.jpg 1536w, https:\/\/sobeconsultoria.com.br\/wp-content\/uploads\/2023\/09\/pessoa-cega-escolhendo-andar-no-elevador-2048x1365.jpg 2048w\" sizes=\"(max-width: 2560px) 100vw, 2560px\" \/><\/figure><div class=\"elementor-image-box-content\"><h5 class=\"elementor-image-box-title\">Acompanhar as inova\u00e7\u00f5es tecnol\u00f3gicas <\/h5><p class=\"elementor-image-box-description\">A consultoria pode oferecer as solu\u00e7\u00f5es mais modernas e eficientes para o elevador, como sistemas inteligentes, conectados e sustent\u00e1veis. A consultoria tamb\u00e9m pode orientar sobre as oportunidades e os desafios que o setor de elevadores enfrenta, como a digitaliza\u00e7\u00e3o, a mobilidade urbana e a sustentabilidade<\/p><\/div><\/div>\t\t<\/div>\n\t\t\t\t<\/div>\n\t\t\t\t<div class=\"elementor-element elementor-element-14cc187 elementor-position-left elementor-vertical-align-top elementor-widget elementor-widget-image-box\" data-id=\"14cc187\" data-element_type=\"widget\" data-widget_type=\"image-box.default\">\n\t\t\t\t<div class=\"elementor-widget-container\">\n\t\t\t<div class=\"elementor-image-box-wrapper\"><figure class=\"elementor-image-box-img\"><img decoding=\"async\" loading=\"lazy\" width=\"2470\" height=\"1707\" src=\"https:\/\/sobeconsultoria.com.br\/wp-content\/uploads\/2023\/09\/Design-sem-nome-17.png\" class=\"attachment-full size-full wp-image-619\" alt=\"\" srcset=\"https:\/\/sobeconsultoria.com.br\/wp-content\/uploads\/2023\/09\/Design-sem-nome-17.png 2470w, https:\/\/sobeconsultoria.com.br\/wp-content\/uploads\/2023\/09\/Design-sem-nome-17-300x207.png 300w, https:\/\/sobeconsultoria.com.br\/wp-content\/uploads\/2023\/09\/Design-sem-nome-17-1024x708.png 1024w, https:\/\/sobeconsultoria.com.br\/wp-content\/uploads\/2023\/09\/Design-sem-nome-17-768x531.png 768w, https:\/\/sobeconsultoria.com.br\/wp-content\/uploads\/2023\/09\/Design-sem-nome-17-1536x1062.png 1536w, https:\/\/sobeconsultoria.com.br\/wp-content\/uploads\/2023\/09\/Design-sem-nome-17-2048x1415.png 2048w\" sizes=\"(max-width: 2470px) 100vw, 2470px\" \/><\/figure><div class=\"elementor-image-box-content\"><h5 class=\"elementor-image-box-title\">Ter uma vis\u00e3o externa e imparcial <\/h5><p class=\"elementor-image-box-description\">A consultoria, por ser uma empresa terceirizada para realiza\u00e7\u00e3o do servi\u00e7o, n\u00e3o ter\u00e1 nenhum tipo de influ\u00eancia interna e\/ou externa durante o projeto. Assim, \u00e9 poss\u00edvel identificar com maior precis\u00e3o e clareza a causa do problema, seja ele qual for e em qual \u00e1rea estiver<\/p><\/div><\/div>\t\t<\/div>\n\t\t\t\t<\/div>\n\t\t\t\t<div class=\"elementor-element elementor-element-05930ba elementor-position-left elementor-vertical-align-top elementor-widget elementor-widget-image-box\" data-id=\"05930ba\" data-element_type=\"widget\" data-widget_type=\"image-box.default\">\n\t\t\t\t<div class=\"elementor-widget-container\">\n\t\t\t<div class=\"elementor-image-box-wrapper\"><figure class=\"elementor-image-box-img\"><img decoding=\"async\" loading=\"lazy\" width=\"1280\" height=\"721\" src=\"https:\/\/sobeconsultoria.com.br\/wp-content\/uploads\/2023\/09\/architecture-1448221_1280.jpg\" class=\"attachment-full size-full wp-image-270\" alt=\"\" srcset=\"https:\/\/sobeconsultoria.com.br\/wp-content\/uploads\/2023\/09\/architecture-1448221_1280.jpg 1280w, https:\/\/sobeconsultoria.com.br\/wp-content\/uploads\/2023\/09\/architecture-1448221_1280-300x169.jpg 300w, https:\/\/sobeconsultoria.com.br\/wp-content\/uploads\/2023\/09\/architecture-1448221_1280-1024x577.jpg 1024w, https:\/\/sobeconsultoria.com.br\/wp-content\/uploads\/2023\/09\/architecture-1448221_1280-768x433.jpg 768w\" sizes=\"(max-width: 1280px) 100vw, 1280px\" \/><\/figure><div class=\"elementor-image-box-content\"><h5 class=\"elementor-image-box-title\">Contar com a expertise de profissionais qualificados<\/h5><p class=\"elementor-image-box-description\">A consultoria possui uma equipe multidisciplinar, formada por engenheiros, arquitetos, administradores, entre outros, que possuem conhecimento t\u00e9cnico e pr\u00e1tico sobre o assunto. A consultoria tamb\u00e9m tem acesso a ferramentas, metodologias e redes de contato que facilitam o desenvolvimento e a implementa\u00e7\u00e3o das solu\u00e7\u00f5es.<\/p><\/div><\/div>\t\t<\/div>\n\t\t\t\t<\/div>\n\t\t\t\t\t<\/div>\n\t\t<\/div>\n\t\t\t\t\t\t\t<\/div>\n\t\t<\/section>\n\t\t\t\t\t<\/div>\n\t\t<\/div>\n\t\t\t\t\t\t\t<\/div>\n\t\t<\/section>\n\t\t\t\t\t\t\t<\/div>\n\t\t","protected":false},"excerpt":{"rendered":"<p>por que contratar uma consultoria? Melhorar a seguran\u00e7a do seu equipamento Uma consultoria para o elevador pode ajudar a aumentar a seguran\u00e7a dos usu\u00e1rios e dos funcion\u00e1rios, evitando acidentes e problemas t\u00e9cnicos. A consultoria pode fazer uma avalia\u00e7\u00e3o completa do estado do elevador, verificar se ele est\u00e1 de acordo com as normas e recomendar as &hellip;<\/p>\n<p class=\"read-more\"> <a class=\"\" href=\"https:\/\/sobeconsultoria.com.br\/index.php\/consultoria\/\"> <span class=\"screen-reader-text\">consultoria<\/span> Leia mais &raquo;<\/a><\/p>\n","protected":false},"author":1,"featured_media":0,"parent":0,"menu_order":0,"comment_status":"closed","ping_status":"closed","template":"","meta":{"site-sidebar-layout":"no-sidebar","site-content-layout":"page-builder","ast-site-content-layout":"full-width-container","site-content-style":"default","site-sidebar-style":"default","ast-global-header-display":"","ast-banner-title-visibility":"","ast-main-header-display":"","ast-hfb-above-header-display":"","ast-hfb-below-header-display":"","ast-hfb-mobile-header-display":"","site-post-title":"disabled","ast-breadcrumbs-content":"","ast-featured-img":"disabled","footer-sml-layout":"","theme-transparent-header-meta":"","adv-header-id-meta":"","stick-header-meta":"","header-above-stick-meta":"","header-main-stick-meta":"","header-below-stick-meta":"","astra-migrate-meta-layouts":"set","footnotes":""},"_links":{"self":[{"href":"https:\/\/sobeconsultoria.com.br\/index.php\/wp-json\/wp\/v2\/pages\/691"}],"collection":[{"href":"https:\/\/sobeconsultoria.com.br\/index.php\/wp-json\/wp\/v2\/pages"}],"about":[{"href":"https:\/\/sobeconsultoria.com.br\/index.php\/wp-json\/wp\/v2\/types\/page"}],"author":[{"embeddable":true,"href":"https:\/\/sobeconsultoria.com.br\/index.php\/wp-json\/wp\/v2\/users\/1"}],"replies":[{"embeddable":true,"href":"https:\/\/sobeconsultoria.com.br\/index.php\/wp-json\/wp\/v2\/comments?post=691"}],"version-history":[{"count":10,"href":"https:\/\/sobeconsultoria.com.br\/index.php\/wp-json\/wp\/v2\/pages\/691\/revisions"}],"predecessor-version":[{"id":703,"href":"https:\/\/sobeconsultoria.com.br\/index.php\/wp-json\/wp\/v2\/pages\/691\/revisions\/703"}],"wp:attachment":[{"href":"https:\/\/sobeconsultoria.com.br\/index.php\/wp-json\/wp\/v2\/media?parent=691"}],"curies":[{"name":"wp","href":"https:\/\/api.w.org\/{rel}","templated":true}]}}